{"id":4845,"date":"2025-10-20T14:54:17","date_gmt":"2025-10-20T14:54:17","guid":{"rendered":"https:\/\/personal-greetings.com\/politique-de-confidentialite\/"},"modified":"2025-12-04T18:56:09","modified_gmt":"2025-12-04T18:56:09","slug":"politique-de-confidentialite","status":"publish","type":"page","link":"https:\/\/personal-greetings.com\/fr\/politique-de-confidentialite\/","title":{"rendered":"Politique de confidentialit\u00e9"},"content":{"rendered":"\n<p><\/p>\n\n<p>Politique de confidentialit\u00e9<\/p>\n\n<p>Derni\u00e8re mise \u00e0 jour : 20 septembre 2024<\/p>\n\n<p>Cette Politique de confidentialit\u00e9 d\u00e9crit nos politiques et proc\u00e9dures concernant la collecte, l&rsquo;utilisation et la divulgation de tes informations lorsque tu utilises le Service et t&rsquo;informe de tes droits \u00e0 la vie priv\u00e9e et de la mani\u00e8re dont la loi te prot\u00e8ge.<\/p>\n\n<p>Nous utilisons tes donn\u00e9es personnelles pour fournir et am\u00e9liorer le Service. En utilisant le Service, tu acceptes la collecte et l&rsquo;utilisation des informations conform\u00e9ment \u00e0 cette Politique de confidentialit\u00e9. <\/p>\n\n<h2 class=\"wp-block-heading\"><strong>Interpr\u00e9tation et d\u00e9finitions<\/strong><strong><\/strong><\/h2>\n\n<h3 class=\"wp-block-heading\"><strong>Interpr\u00e9tation<\/strong><strong><\/strong><\/h3>\n\n<p>Les mots dont la premi\u00e8re lettre est en majuscule ont des significations d\u00e9finies dans les conditions suivantes. Les d\u00e9finitions suivantes auront la m\u00eame signification qu&rsquo;elles apparaissent au singulier ou au pluriel. <\/p>\n\n<h3 class=\"wp-block-heading\"><strong>D\u00e9finitions<\/strong><strong><\/strong><\/h3>\n\n<p>Aux fins de cette Politique de confidentialit\u00e9 :<\/p>\n\n<p><strong>Compte<\/strong> d\u00e9signe un compte unique cr\u00e9\u00e9 pour toi pour acc\u00e9der \u00e0 notre Service ou \u00e0 certaines parties de notre Service.<\/p>\n\n<p><strong>Affili\u00e9<\/strong> d\u00e9signe une entit\u00e9 qui contr\u00f4le, est contr\u00f4l\u00e9e par ou est sous contr\u00f4le commun avec une partie, o\u00f9 \u00ab contr\u00f4le \u00bb signifie la propri\u00e9t\u00e9 de 50 % ou plus des actions, des participations ou d&rsquo;autres titres donnant droit de vote pour l&rsquo;\u00e9lection des administrateurs ou d&rsquo;une autre autorit\u00e9 de gestion.<\/p>\n\n<p><strong>Soci\u00e9t\u00e9<\/strong> (d\u00e9sign\u00e9e comme \u00ab la Soci\u00e9t\u00e9 \u00bb, \u00ab Nous \u00bb, \u00ab Notre \u00bb ou \u00ab Nos \u00bb dans cet Accord) fait r\u00e9f\u00e9rence \u00e0 Personal-Greetings.<\/p>\n\n<p><strong>Cookies<\/strong> sont de petits fichiers plac\u00e9s sur ton ordinateur, appareil mobile ou tout autre appareil par un site web, contenant les d\u00e9tails de ton historique de navigation sur ce site web parmi ses nombreuses utilisations.<\/p>\n\n<p><strong>Appareil<\/strong> d\u00e9signe tout appareil pouvant acc\u00e9der au Service comme un ordinateur, un t\u00e9l\u00e9phone portable ou une tablette num\u00e9rique.<\/p>\n\n<p><strong>Donn\u00e9es personnelles<\/strong> d\u00e9signe toute information relative \u00e0 une personne identifi\u00e9e ou identifiable.<\/p>\n\n<p><strong>Service<\/strong> fait r\u00e9f\u00e9rence au Site web.<\/p>\n\n<p><strong>Prestataire de services<\/strong> d\u00e9signe toute personne physique ou morale qui traite les donn\u00e9es pour le compte de la Soci\u00e9t\u00e9. Il fait r\u00e9f\u00e9rence aux entreprises tierces ou aux personnes employ\u00e9es par la Soci\u00e9t\u00e9 pour faciliter le Service, fournir le Service au nom de la Soci\u00e9t\u00e9, ex\u00e9cuter des services li\u00e9s au Service ou aider la Soci\u00e9t\u00e9 \u00e0 analyser l&rsquo;utilisation du Service. <\/p>\n\n<p><strong>Donn\u00e9es d&rsquo;utilisation<\/strong> fait r\u00e9f\u00e9rence aux donn\u00e9es collect\u00e9es automatiquement, g\u00e9n\u00e9r\u00e9es soit par l&rsquo;utilisation du Service, soit par l&rsquo;infrastructure du Service elle-m\u00eame (par exemple, la dur\u00e9e d&rsquo;une visite de page).<\/p>\n\n<p>Le <strong>site web<\/strong> renvoie \u00e0 Personal-Greetings, accessible \u00e0 partir de <a href=\"https:\/\/personal-greetings.com\/fr\/\">https:\/\/personal-greetings.com\/<\/a><\/p>\n\n<p><strong>Tu<\/strong> d\u00e9signes la personne acc\u00e9dant ou utilisant le Service, ou la soci\u00e9t\u00e9 ou autre entit\u00e9 juridique au nom de laquelle cette personne acc\u00e8de ou utilise le Service, selon le cas.<\/p>\n\n<h2 class=\"wp-block-heading\"><strong>Collecte et utilisation de tes donn\u00e9es personnelles<\/strong><strong><\/strong><\/h2>\n\n<h3 class=\"wp-block-heading\"><strong>Types de donn\u00e9es collect\u00e9es<\/strong><strong><\/strong><\/h3>\n\n<h4 class=\"wp-block-heading\"><strong><em><strong><em>Donn\u00e9es personnelles<\/em><\/strong><\/em><\/strong><strong><em><strong><em><\/em><\/strong><\/em><\/strong><\/h4>\n\n<p>Lors de l&rsquo;utilisation de notre Service, nous pouvons te demander de nous fournir certaines informations personnellement identifiables qui peuvent \u00eatre utilis\u00e9es pour te contacter ou t&rsquo;identifier. Les informations personnellement identifiables peuvent inclure, mais ne sont pas limit\u00e9es \u00e0 : <\/p>\n\n<p>Adresse e-mail<\/p>\n\n<p>Pr\u00e9nom et nom<\/p>\n\n<p>Num\u00e9ro de t\u00e9l\u00e9phone<\/p>\n\n<p>Adresse, \u00c9tat, Province, Code postal, Ville<\/p>\n\n<p>Donn\u00e9es d&rsquo;utilisation<\/p>\n\n<h4 class=\"wp-block-heading\"><strong><em><strong><em>Donn\u00e9es d&rsquo;utilisation<\/em><\/strong><\/em><\/strong><strong><em><strong><em><\/em><\/strong><\/em><\/strong><\/h4>\n\n<p>Les Donn\u00e9es d&rsquo;utilisation sont collect\u00e9es automatiquement lors de l&rsquo;utilisation du Service.<\/p>\n\n<p>Les Donn\u00e9es d&rsquo;utilisation peuvent inclure des informations telles que l&rsquo;adresse de protocole Internet de ton Appareil (par exemple, adresse IP), le type de navigateur, la version du navigateur, les pages de notre Service que tu visites, l&rsquo;heure et la date de ta visite, le temps pass\u00e9 sur ces pages, les identifiants uniques des appareils et d&rsquo;autres donn\u00e9es de diagnostic.<\/p>\n\n<p>Lorsque tu acc\u00e8des au Service par ou via un appareil mobile, nous pouvons collecter automatiquement certaines informations, y compris, mais sans s&rsquo;y limiter, le type d&rsquo;appareil mobile que tu utilises, l&rsquo;identifiant unique de ton appareil mobile, l&rsquo;adresse IP de ton appareil mobile, ton syst\u00e8me d&rsquo;exploitation mobile, le type de navigateur Internet mobile que tu utilises, les identifiants uniques des appareils et d&rsquo;autres donn\u00e9es de diagnostic.<\/p>\n\n<p>Nous pouvons \u00e9galement collecter les informations que ton navigateur envoie chaque fois que tu visites notre Service ou lorsque tu acc\u00e8des au Service par ou via un appareil mobile.<\/p>\n\n<h4 class=\"wp-block-heading\"><strong><em><strong><em>Technologies de suivi et Cookies<\/em><\/strong><\/em><\/strong><strong><em><strong><em><\/em><\/strong><\/em><\/strong><\/h4>\n\n<p>Nous utilisons des Cookies et des technologies de suivi similaires pour suivre l&rsquo;activit\u00e9 sur notre Service et stocker certaines informations. Les technologies de suivi utilis\u00e9es sont des balises, des tags et des scripts pour collecter et suivre les informations et pour am\u00e9liorer et analyser notre Service. Les technologies que nous utilisons peuvent inclure :  <\/p>\n\n<ul class=\"wp-block-list\">\n<li><strong>Cookies ou Cookies de navigateur.<\/strong>  Un cookie est un petit fichier plac\u00e9 sur ton Appareil. Tu peux demander \u00e0 ton navigateur de refuser tous les Cookies ou d&rsquo;indiquer quand un Cookie est envoy\u00e9. Cependant, si tu n&rsquo;acceptes pas les Cookies, tu ne pourras peut-\u00eatre pas utiliser certaines parties de notre Service. \u00c0 moins que tu n&rsquo;aies ajust\u00e9 les param\u00e8tres de ton navigateur pour qu&rsquo;il refuse les Cookies, notre Service peut utiliser des Cookies.   <\/li>\n\n\n\n<li><strong>Balises web.<\/strong>  Certaines sections de notre Service et nos e-mails peuvent contenir de petits fichiers \u00e9lectroniques appel\u00e9s balises web (\u00e9galement appel\u00e9s gifs transparents, balises pixel et gifs \u00e0 pixel unique) qui permettent \u00e0 la Soci\u00e9t\u00e9, par exemple, de compter les utilisateurs qui ont visit\u00e9 ces pages ou ouvert un e-mail et pour d&rsquo;autres statistiques relatives au site web (par exemple, enregistrer la popularit\u00e9 d&rsquo;une certaine section et v\u00e9rifier l&rsquo;int\u00e9grit\u00e9 du syst\u00e8me et du serveur).<\/li>\n<\/ul>\n\n<p>Les cookies peuvent \u00eatre des cookies \u00ab persistants \u00bb ou \u00ab de session \u00bb. Les cookies persistants restent sur votre ordinateur personnel ou votre appareil mobile lorsque vous \u00eates hors ligne, tandis que les cookies de session sont supprim\u00e9s d\u00e8s que vous fermez votre navigateur Web.  <\/p>\n\n<p>Nous utilisons \u00e0 la fois des Cookies de Session et des Cookies Persistants aux fins d\u00e9crites ci-dessous :<\/p>\n\n<p><strong>Cookies n\u00e9cessaires \/ essentiels<\/strong><\/p>\n\n<p>Type : Cookies de Session<\/p>\n\n<p>Administr\u00e9s par : Nous<\/p>\n\n<p>Objectif : Ces Cookies sont essentiels pour te fournir les services disponibles via le Site web et pour te permettre d&rsquo;utiliser certaines de ses fonctionnalit\u00e9s. Ils aident \u00e0 authentifier les utilisateurs et \u00e0 pr\u00e9venir l&rsquo;utilisation frauduleuse des comptes d&rsquo;utilisateurs. Sans ces Cookies, les services que tu as demand\u00e9s ne peuvent pas \u00eatre fournis, et nous utilisons ces Cookies uniquement pour te fournir ces services.  <\/p>\n\n<p><strong>Cookies de politique \/ acceptation des cookies<\/strong><\/p>\n\n<p>Type : Cookies Persistants<\/p>\n\n<p>Administr\u00e9s par : Nous<\/p>\n\n<p>Objectif : Ces Cookies identifient si les utilisateurs ont accept\u00e9 l&rsquo;utilisation de cookies sur le Site web.<\/p>\n\n<p><strong>Cookies de fonctionnalit\u00e9<\/strong><\/p>\n\n<p>Type : Cookies Persistants<\/p>\n\n<p>Administr\u00e9s par : Nous<\/p>\n\n<p>Objectif : Ces Cookies nous permettent de m\u00e9moriser les choix que tu fais lorsque tu utilises le Site web, comme la m\u00e9morisation de tes identifiants de connexion ou de ta pr\u00e9f\u00e9rence de langue. L&rsquo;objectif de ces Cookies est de te fournir une exp\u00e9rience plus personnelle et d&rsquo;\u00e9viter que tu aies \u00e0 saisir \u00e0 nouveau tes pr\u00e9f\u00e9rences chaque fois que tu utilises le Site web. <\/p>\n\n<p>Pour plus d&rsquo;informations sur les cookies que nous utilisons et tes choix concernant les cookies, consulte notre Politique relative aux cookies ou la section Cookies de notre Politique de confidentialit\u00e9.<\/p>\n\n<h3 class=\"wp-block-heading\"><strong>Utilisation de tes donn\u00e9es personnelles<\/strong><strong><\/strong><\/h3>\n\n<p>La Soci\u00e9t\u00e9 peut utiliser les Donn\u00e9es personnelles aux fins suivantes :<\/p>\n\n<p><strong>Pour fournir et maintenir notre Service<\/strong>, y compris pour surveiller l&rsquo;utilisation de notre Service.<\/p>\n\n<p><strong>Pour g\u00e9rer ton Compte :<\/strong> pour g\u00e9rer ton inscription en tant qu&rsquo;utilisateur du Service. Les Donn\u00e9es personnelles que tu fournis peuvent te donner acc\u00e8s \u00e0 diff\u00e9rentes fonctionnalit\u00e9s du Service qui te sont disponibles en tant qu&rsquo;utilisateur inscrit. <\/p>\n\n<p><strong>Pour l&rsquo;ex\u00e9cution d&rsquo;un contrat :<\/strong> le d\u00e9veloppement, la conformit\u00e9 et l&rsquo;ex\u00e9cution du contrat d&rsquo;achat pour les produits, articles ou services que tu as achet\u00e9s ou de tout autre contrat avec nous via le Service.<\/p>\n\n<p><strong>Pour te contacter :<\/strong> Pour te contacter par e-mail, appels t\u00e9l\u00e9phoniques, SMS ou autres formes \u00e9quivalentes de communication \u00e9lectronique, telles que les notifications push d&rsquo;une application mobile concernant les mises \u00e0 jour ou les communications informatives li\u00e9es aux fonctionnalit\u00e9s, produits ou services contract\u00e9s, y compris les mises \u00e0 jour de s\u00e9curit\u00e9, lorsque cela est n\u00e9cessaire ou raisonnable pour leur mise en \u0153uvre.<\/p>\n\n<p><strong>Pour te fournir<\/strong> des nouvelles, des offres sp\u00e9ciales et des informations g\u00e9n\u00e9rales sur d&rsquo;autres biens, services et \u00e9v\u00e9nements que nous proposons et qui sont similaires \u00e0 ceux que tu as d\u00e9j\u00e0 achet\u00e9s ou sur lesquels tu t&rsquo;es renseign\u00e9, sauf si tu as choisi de ne pas recevoir ces informations.<\/p>\n\n<p><strong>Pour g\u00e9rer tes demandes :<\/strong> Pour traiter et g\u00e9rer tes demandes aupr\u00e8s de nous.<\/p>\n\n<p><strong>Pour les transferts d&rsquo;entreprise :<\/strong> Nous pouvons utiliser tes informations pour \u00e9valuer ou r\u00e9aliser une fusion, une cession, une restructuration, une r\u00e9organisation, une dissolution ou toute autre vente ou transfert de tout ou partie de nos actifs, que ce soit dans le cadre d&rsquo;une exploitation continue ou dans le cadre d&rsquo;une faillite, d&rsquo;une liquidation ou d&rsquo;une proc\u00e9dure similaire, dans laquelle les Donn\u00e9es personnelles que nous d\u00e9tenons sur les utilisateurs de notre Service font partie des actifs transf\u00e9r\u00e9s.<\/p>\n\n<p><strong>\u00c0 d&rsquo;autres fins<\/strong> : Nous pouvons utiliser tes informations \u00e0 d&rsquo;autres fins, telles que l&rsquo;analyse des donn\u00e9es, l&rsquo;identification des tendances d&rsquo;utilisation, la d\u00e9termination de l&rsquo;efficacit\u00e9 de nos campagnes promotionnelles et pour \u00e9valuer et am\u00e9liorer notre Service, nos produits, nos services, notre marketing et ton exp\u00e9rience.<\/p>\n\n<p>Nous pouvons partager tes informations personnelles dans les situations suivantes :<\/p>\n\n<ul class=\"wp-block-list\">\n<li><strong>Avec les Prestataires de services :<\/strong> Nous pouvons partager tes informations personnelles avec les Prestataires de services pour surveiller et analyser l&rsquo;utilisation de notre Service, pour te contacter.<\/li>\n\n\n\n<li><strong>Pour les transferts d&rsquo;entreprise :<\/strong> Nous pouvons partager ou transf\u00e9rer tes informations personnelles dans le cadre de, ou pendant les n\u00e9gociations de, toute fusion, vente d&rsquo;actifs de la Soci\u00e9t\u00e9, financement ou acquisition de tout ou partie de notre entreprise par une autre soci\u00e9t\u00e9.<\/li>\n\n\n\n<li><strong>Avec les Affili\u00e9s :<\/strong> Nous pouvons partager tes informations avec nos affili\u00e9s, auquel cas nous exigerons que ces affili\u00e9s respectent cette Politique de confidentialit\u00e9. Les affili\u00e9s incluent notre soci\u00e9t\u00e9 m\u00e8re et toutes autres filiales, partenaires de coentreprise ou autres soci\u00e9t\u00e9s que nous contr\u00f4lons ou qui sont sous contr\u00f4le commun avec nous. <\/li>\n\n\n\n<li><strong>Avec les partenaires commerciaux :<\/strong> Nous pouvons partager tes informations avec nos partenaires commerciaux pour t&rsquo;offrir certains produits, services ou promotions.<\/li>\n\n\n\n<li><strong>Avec d&rsquo;autres utilisateurs :<\/strong> lorsque tu partages des informations personnelles ou interagis dans les zones publiques avec d&rsquo;autres utilisateurs, ces informations peuvent \u00eatre vues par tous les utilisateurs et peuvent \u00eatre distribu\u00e9es publiquement \u00e0 l&rsquo;ext\u00e9rieur.<\/li>\n\n\n\n<li><strong>Avec ton consentement<\/strong> : Nous pouvons divulguer tes informations personnelles \u00e0 toute autre fin avec ton consentement.<\/li>\n<\/ul>\n\n<h3 class=\"wp-block-heading\"><strong>Conservation de tes donn\u00e9es personnelles<\/strong><strong><\/strong><\/h3>\n\n<p>La Soci\u00e9t\u00e9 ne conservera tes Donn\u00e9es personnelles que le temps n\u00e9cessaire aux fins \u00e9nonc\u00e9es dans cette Politique de confidentialit\u00e9. Nous conserverons et utiliserons tes Donn\u00e9es personnelles dans la mesure n\u00e9cessaire pour nous conformer \u00e0 nos obligations l\u00e9gales (par exemple, si nous sommes tenus de conserver tes donn\u00e9es pour respecter les lois applicables), r\u00e9soudre les litiges et appliquer nos accords et politiques juridiques. <\/p>\n\n<p>La Soci\u00e9t\u00e9 conservera \u00e9galement les Donn\u00e9es d&rsquo;utilisation \u00e0 des fins d&rsquo;analyse interne. Les Donn\u00e9es d&rsquo;utilisation sont g\u00e9n\u00e9ralement conserv\u00e9es pendant une p\u00e9riode plus courte, sauf lorsque ces donn\u00e9es sont utilis\u00e9es pour renforcer la s\u00e9curit\u00e9 ou am\u00e9liorer la fonctionnalit\u00e9 de notre Service, ou lorsque nous sommes l\u00e9galement tenus de conserver ces donn\u00e9es pendant des p\u00e9riodes plus longues. <\/p>\n\n<h3 class=\"wp-block-heading\"><strong>Transfert de tes donn\u00e9es personnelles<\/strong><strong><\/strong><\/h3>\n\n<p>Tes informations, y compris les Donn\u00e9es personnelles, sont trait\u00e9es dans les bureaux d&rsquo;exploitation de la Soci\u00e9t\u00e9 et dans tous les autres lieux o\u00f9 se trouvent les parties impliqu\u00e9es dans le traitement. Cela signifie que ces informations peuvent \u00eatre transf\u00e9r\u00e9es vers \u2014 et maintenues sur \u2014 des ordinateurs situ\u00e9s en dehors de ton \u00e9tat, province, pays ou autre juridiction gouvernementale o\u00f9 les lois sur la protection des donn\u00e9es peuvent diff\u00e9rer de celles de ta juridiction. <\/p>\n\n<p>Ton consentement \u00e0 cette Politique de confidentialit\u00e9 suivi de ta soumission de ces informations repr\u00e9sente ton accord \u00e0 ce transfert.<\/p>\n\n<p>La Soci\u00e9t\u00e9 prendra toutes les mesures raisonnablement n\u00e9cessaires pour s&rsquo;assurer que tes donn\u00e9es sont trait\u00e9es de mani\u00e8re s\u00e9curis\u00e9e et conform\u00e9ment \u00e0 cette Politique de confidentialit\u00e9 et aucun transfert de tes Donn\u00e9es personnelles n&rsquo;aura lieu vers une organisation ou un pays \u00e0 moins qu&rsquo;il n&rsquo;y ait des contr\u00f4les ad\u00e9quats en place, y compris la s\u00e9curit\u00e9 de tes donn\u00e9es et autres informations personnelles.<\/p>\n\n<h3 class=\"wp-block-heading\"><strong>Supprimer tes donn\u00e9es personnelles<\/strong><strong><\/strong><\/h3>\n\n<p>Tu as le droit de supprimer ou de demander que nous t&rsquo;aidions \u00e0 supprimer les Donn\u00e9es personnelles que nous avons collect\u00e9es \u00e0 ton sujet.<\/p>\n\n<p>Notre Service peut te donner la possibilit\u00e9 de supprimer certaines informations te concernant depuis le Service.<\/p>\n\n<p>Tu peux mettre \u00e0 jour, modifier ou supprimer tes informations \u00e0 tout moment en te connectant \u00e0 ton Compte, si tu en as un, et en visitant la section des param\u00e8tres du compte qui te permet de g\u00e9rer tes informations personnelles. Tu peux \u00e9galement nous contacter pour demander l&rsquo;acc\u00e8s, la correction ou la suppression de toute information personnelle que tu nous as fournie. <\/p>\n\n<p>Note cependant que nous pourrions avoir besoin de conserver certaines informations lorsque nous avons une obligation l\u00e9gale ou une base l\u00e9gale pour le faire.<\/p>\n\n<h3 class=\"wp-block-heading\"><strong>Divulgation de tes donn\u00e9es personnelles<\/strong><strong><\/strong><\/h3>\n\n<h4 class=\"wp-block-heading\"><strong><em><strong><em>Transactions commerciales<\/em><\/strong><\/em><\/strong><strong><em><strong><em><\/em><\/strong><\/em><\/strong><\/h4>\n\n<p>Si la Soci\u00e9t\u00e9 est impliqu\u00e9e dans une fusion, une acquisition ou une vente d&rsquo;actifs, tes Donn\u00e9es personnelles peuvent \u00eatre transf\u00e9r\u00e9es. Nous te pr\u00e9viendrons avant que tes Donn\u00e9es personnelles ne soient transf\u00e9r\u00e9es et ne deviennent soumises \u00e0 une Politique de confidentialit\u00e9 diff\u00e9rente. <\/p>\n\n<h4 class=\"wp-block-heading\"><strong><em><strong><em>Application de la loi<\/em><\/strong><\/em><\/strong><strong><em><strong><em><\/em><\/strong><\/em><\/strong><\/h4>\n\n<p>Dans certaines circonstances, la Soci\u00e9t\u00e9 peut \u00eatre tenue de divulguer tes Donn\u00e9es personnelles si la loi l&rsquo;exige ou en r\u00e9ponse \u00e0 des demandes valides des autorit\u00e9s publiques (par exemple, un tribunal ou une agence gouvernementale).<\/p>\n\n<h4 class=\"wp-block-heading\"><strong><em><strong><em>Autres exigences l\u00e9gales<\/em><\/strong><\/em><\/strong><strong><em><strong><em><\/em><\/strong><\/em><\/strong><\/h4>\n\n<p>La Soci\u00e9t\u00e9 peut divulguer tes Donn\u00e9es personnelles si elle croit de bonne foi qu&rsquo;une telle action est n\u00e9cessaire pour :<\/p>\n\n<ul class=\"wp-block-list\">\n<li>Se conformer \u00e0 une obligation l\u00e9gale<\/li>\n\n\n\n<li>Prot\u00e9ger et d\u00e9fendre les droits ou la propri\u00e9t\u00e9 de la Soci\u00e9t\u00e9<\/li>\n\n\n\n<li>Pr\u00e9venir ou enqu\u00eater sur d&rsquo;\u00e9ventuels actes r\u00e9pr\u00e9hensibles en lien avec le Service<\/li>\n\n\n\n<li>Prot\u00e9ger la s\u00e9curit\u00e9 personnelle des utilisateurs du Service ou du public<\/li>\n\n\n\n<li>Se prot\u00e9ger contre la responsabilit\u00e9 juridique<\/li>\n<\/ul>\n\n<h3 class=\"wp-block-heading\"><strong>S\u00e9curit\u00e9 de tes donn\u00e9es personnelles<\/strong><strong><\/strong><\/h3>\n\n<p>La s\u00e9curit\u00e9 de tes Donn\u00e9es personnelles est importante pour nous, mais rappelle-toi qu&rsquo;aucune m\u00e9thode de transmission sur Internet ou m\u00e9thode de stockage \u00e9lectronique n&rsquo;est s\u00fbre \u00e0 100 %. Bien que nous nous efforcions d&rsquo;utiliser des moyens commercialement acceptables pour prot\u00e9ger tes Donn\u00e9es personnelles, nous ne pouvons pas garantir leur s\u00e9curit\u00e9 absolue. <\/p>\n\n<h2 class=\"wp-block-heading\"><strong>Confidentialit\u00e9 des enfants<\/strong><strong><\/strong><\/h2>\n\n<p>Notre Service ne s&rsquo;adresse pas aux personnes de moins de 13 ans. Nous ne collectons pas sciemment d&rsquo;informations personnellement identifiables aupr\u00e8s de personnes de moins de 13 ans. Si tu es un parent ou un tuteur et que tu sais que ton enfant nous a fourni des Donn\u00e9es personnelles, contacte-nous. Si nous apprenons que nous avons collect\u00e9 des Donn\u00e9es personnelles aupr\u00e8s de personnes de moins de 13 ans sans v\u00e9rification du consentement parental, nous prenons des mesures pour supprimer ces informations de nos serveurs.   <\/p>\n\n<p>Si nous devons nous appuyer sur le consentement comme base l\u00e9gale pour traiter tes informations et que ton pays exige le consentement d&rsquo;un parent, nous pouvons exiger le consentement de ton parent avant de collecter et d&rsquo;utiliser ces informations.<\/p>\n\n<h2 class=\"wp-block-heading\"><strong>Liens vers d&rsquo;autres sites web<\/strong><strong><\/strong><\/h2>\n\n<p>Notre Service peut contenir des liens vers d&rsquo;autres sites web qui ne sont pas exploit\u00e9s par nous. Si tu cliques sur un lien tiers, tu seras dirig\u00e9 vers le site de ce tiers. Nous te conseillons vivement de consulter la Politique de confidentialit\u00e9 de chaque site que tu visites.  <\/p>\n\n<p>Nous n&rsquo;avons aucun contr\u00f4le et n&rsquo;assumons aucune responsabilit\u00e9 pour le contenu, les politiques de confidentialit\u00e9 ou les pratiques des sites ou services tiers.<\/p>\n\n<h2 class=\"wp-block-heading\"><strong>Modifications de cette Politique de confidentialit\u00e9<\/strong><strong><\/strong><\/h2>\n\n<p>Nous pouvons mettre \u00e0 jour notre Politique de confidentialit\u00e9 de temps \u00e0 autre. Nous t&rsquo;informerons de tout changement en publiant la nouvelle Politique de confidentialit\u00e9 sur cette page. <\/p>\n\n<p>Nous t&rsquo;informerons par e-mail et\/ou par un avis visible sur notre Service, avant que le changement ne devienne effectif, et mettrons \u00e0 jour la date de \u00ab Derni\u00e8re mise \u00e0 jour \u00bb en haut de cette Politique de confidentialit\u00e9.<\/p>\n\n<p>Tu es invit\u00e9 \u00e0 consulter r\u00e9guli\u00e8rement cette Politique de confidentialit\u00e9 pour prendre connaissance des \u00e9ventuelles modifications. Les modifications apport\u00e9es \u00e0 cette Politique de confidentialit\u00e9 prennent effet lorsqu&rsquo;elles sont publi\u00e9es sur cette page. <\/p>\n\n<h2 class=\"wp-block-heading\"><strong>Nous contacter<\/strong><strong><\/strong><\/h2>\n\n<p>Si tu as des questions concernant cette Politique de confidentialit\u00e9, tu peux nous contacter :<\/p>\n\n<p>Par e-mail : <a href=\"mailto:info@personal-greetings.com\">info@personal-greetings.com<\/a><\/p>\n\n<p>En visitant cette page de notre site web : <a href=\"https:\/\/personal-greetings.com\/fr\/\">https:\/\/personal-greetings.com\/<\/a><\/p>\n\n<p>Par t\u00e9l\u00e9phone : +357 99 260537<\/p>\n\n<p><\/p>\n","protected":false},"excerpt":{"rendered":"<p>Politique de confidentialit\u00e9 Derni\u00e8re mise \u00e0 jour : 20 septembre 2024 Cette Politique de confidentialit\u00e9 d\u00e9crit nos politiques et proc\u00e9dures concernant la collecte, l&rsquo;utilisation et la divulgation de tes informations lorsque tu utilises le Service et t&rsquo;informe de tes droits \u00e0 la vie priv\u00e9e et de la mani\u00e8re dont la loi te prot\u00e8ge. Nous utilisons [&hellip;]<\/p>\n","protected":false},"author":1,"featured_media":0,"parent":0,"menu_order":0,"comment_status":"closed","ping_status":"open","template":"","meta":{"footnotes":""},"class_list":["post-4845","page","type-page","status-publish","hentry"],"_links":{"self":[{"href":"https:\/\/personal-greetings.com\/fr\/wp-json\/wp\/v2\/pages\/4845","targetHints":{"allow":["GET"]}}],"collection":[{"href":"https:\/\/personal-greetings.com\/fr\/wp-json\/wp\/v2\/pages"}],"about":[{"href":"https:\/\/personal-greetings.com\/fr\/wp-json\/wp\/v2\/types\/page"}],"author":[{"embeddable":true,"href":"https:\/\/personal-greetings.com\/fr\/wp-json\/wp\/v2\/users\/1"}],"replies":[{"embeddable":true,"href":"https:\/\/personal-greetings.com\/fr\/wp-json\/wp\/v2\/comments?post=4845"}],"version-history":[{"count":3,"href":"https:\/\/personal-greetings.com\/fr\/wp-json\/wp\/v2\/pages\/4845\/revisions"}],"predecessor-version":[{"id":4877,"href":"https:\/\/personal-greetings.com\/fr\/wp-json\/wp\/v2\/pages\/4845\/revisions\/4877"}],"wp:attachment":[{"href":"https:\/\/personal-greetings.com\/fr\/wp-json\/wp\/v2\/media?parent=4845"}],"curies":[{"name":"wp","href":"https:\/\/api.w.org\/{rel}","templated":true}]}}