{"id":4859,"date":"2025-10-20T14:54:17","date_gmt":"2025-10-20T14:54:17","guid":{"rendered":"https:\/\/personal-greetings.com\/politica-de-privacidad\/"},"modified":"2025-12-04T18:53:33","modified_gmt":"2025-12-04T18:53:33","slug":"politica-de-privacidad","status":"publish","type":"page","link":"https:\/\/personal-greetings.com\/es\/politica-de-privacidad\/","title":{"rendered":"Pol\u00edtica de Privacidad"},"content":{"rendered":"\n<p><\/p>\n\n<p>Pol\u00edtica de Privacidad<\/p>\n\n<p>\u00daltima actualizaci\u00f3n: 20 de septiembre de 2024<\/p>\n\n<p>Esta Pol\u00edtica de Privacidad describe nuestras pol\u00edticas y procedimientos sobre la recopilaci\u00f3n, el uso y la divulgaci\u00f3n de Su informaci\u00f3n cuando utiliza el Servicio, y le informa sobre Sus derechos de privacidad y c\u00f3mo la ley lo protege.<\/p>\n\n<p>Utilizamos Sus datos personales para proporcionar y mejorar el Servicio. Al utilizar el Servicio, Usted acepta la recopilaci\u00f3n y el uso de la informaci\u00f3n de acuerdo con esta Pol\u00edtica de Privacidad. <\/p>\n\n<h2 class=\"wp-block-heading\"><strong>Interpretaci\u00f3n y Definiciones<\/strong><strong><\/strong><\/h2>\n\n<h3 class=\"wp-block-heading\"><strong>Interpretaci\u00f3n<\/strong><strong><\/strong><\/h3>\n\n<p>Las palabras cuya letra inicial est\u00e1 en may\u00fascula tienen los significados definidos bajo las siguientes condiciones. Las siguientes definiciones tendr\u00e1n el mismo significado independientemente de si aparecen en singular o en plural. <\/p>\n\n<h3 class=\"wp-block-heading\"><strong>Definiciones<\/strong><strong><\/strong><\/h3>\n\n<p>Para los efectos de esta Pol\u00edtica de Privacidad:<\/p>\n\n<p><strong>Cuenta <\/strong>significa una cuenta \u00fanica creada para Usted con el fin de acceder a nuestro Servicio o a partes de nuestro Servicio.<\/p>\n\n<p><strong>Afiliado <\/strong>significa una entidad que controla, es controlada por, o est\u00e1 bajo control com\u00fan con una parte, donde \u201ccontrol\u201d significa la propiedad del 50% o m\u00e1s de las acciones, participaci\u00f3n accionaria u otros valores con derecho a voto para la elecci\u00f3n de directores u otra autoridad administrativa.<\/p>\n\n<p><strong>Compa\u00f1\u00eda <\/strong>(denominada como \u201cla Compa\u00f1\u00eda\u201d, \u201cNosotros\u201d, \u201cNos\u201d o \u201cNuestro\u201d en este Acuerdo) se refiere a Personal-Greetings.<\/p>\n\n<p><strong>Las Cookies<\/strong> son peque\u00f1os archivos que un sitio web coloca en Su computadora, dispositivo m\u00f3vil o cualquier otro dispositivo, que contienen los detalles de Su historial de navegaci\u00f3n en ese sitio web, entre otros muchos usos.<\/p>\n\n<p><strong>Dispositivo <\/strong>significa cualquier dispositivo que pueda acceder al Servicio, como una computadora, un tel\u00e9fono m\u00f3vil o una tableta digital.<\/p>\n\n<p><strong>Datos Personales<\/strong> es cualquier informaci\u00f3n que se relaciona con un individuo identificado o identificable.<\/p>\n\n<p><strong>Servicio <\/strong>se refiere al Sitio Web.<\/p>\n\n<p><strong>Proveedor de Servicios<\/strong> significa cualquier persona f\u00edsica o jur\u00eddica que procesa los datos en nombre de la Compa\u00f1\u00eda. Se refiere a empresas o individuos terceros contratados por la Compa\u00f1\u00eda para facilitar el Servicio, para proporcionar el Servicio en nombre de la Compa\u00f1\u00eda, para realizar servicios relacionados con el Servicio o para ayudar a la Compa\u00f1\u00eda a analizar c\u00f3mo se utiliza el Servicio. <\/p>\n\n<p><strong>Datos de Uso<\/strong> se refiere a los datos recopilados autom\u00e1ticamente, ya sea generados por el uso del Servicio o por la propia infraestructura del Servicio (por ejemplo, la duraci\u00f3n de la visita a una p\u00e1gina).<\/p>\n\n<p><strong>El sitio web<\/strong> se refiere a Personal-Greetings, accesible desde <a href=\"https:\/\/personal-greetings.com\/es\/\">https:\/\/personal-greetings.com\/<\/a><\/p>\n\n<p><strong>Usted <\/strong>significa el individuo que accede o utiliza el Servicio, o la empresa u otra entidad legal en cuyo nombre dicho individuo accede o utiliza el Servicio, seg\u00fan corresponda.<\/p>\n\n<h2 class=\"wp-block-heading\"><strong>Recopilaci\u00f3n y uso de Sus Datos Personales<\/strong><strong><\/strong><\/h2>\n\n<h3 class=\"wp-block-heading\"><strong>Tipos de datos recopilados<\/strong><strong><\/strong><\/h3>\n\n<h4 class=\"wp-block-heading\"><strong><em><strong><em>Datos Personales<\/em><\/strong><\/em><\/strong><strong><em><strong><em><\/em><\/strong><\/em><\/strong><\/h4>\n\n<p>Mientras utiliza Nuestro Servicio, Podemos solicitarle que Nos proporcione cierta informaci\u00f3n de identificaci\u00f3n personal que pueda ser utilizada para contactarlo o identificarlo. La informaci\u00f3n de identificaci\u00f3n personal puede incluir, entre otros: <\/p>\n\n<p>Direcci\u00f3n de correo electr\u00f3nico<\/p>\n\n<p>Nombre y apellido<\/p>\n\n<p>N\u00famero de tel\u00e9fono<\/p>\n\n<p>Direcci\u00f3n, Estado, Provincia, C\u00f3digo Postal, Ciudad<\/p>\n\n<p>Datos de Uso<\/p>\n\n<h4 class=\"wp-block-heading\"><strong><em><strong><em>Datos de Uso<\/em><\/strong><\/em><\/strong><strong><em><strong><em><\/em><\/strong><\/em><\/strong><\/h4>\n\n<p>Los Datos de Uso se recopilan autom\u00e1ticamente al utilizar el Servicio.<\/p>\n\n<p>Los Datos de Uso pueden incluir informaci\u00f3n como la direcci\u00f3n de Protocolo de Internet de Su Dispositivo (por ejemplo, direcci\u00f3n IP), tipo de navegador, versi\u00f3n del navegador, las p\u00e1ginas de nuestro Servicio que Usted visita, la hora y la fecha de Su visita, el tiempo dedicado a esas p\u00e1ginas, identificadores \u00fanicos del dispositivo y otros datos de diagn\u00f3stico.<\/p>\n\n<p>Cuando Usted accede al Servicio mediante o a trav\u00e9s de un dispositivo m\u00f3vil, Podemos recopilar cierta informaci\u00f3n autom\u00e1ticamente, incluyendo, entre otros, el tipo de dispositivo m\u00f3vil que utiliza, el identificador \u00fanico de Su dispositivo m\u00f3vil, la direcci\u00f3n IP de Su dispositivo m\u00f3vil, Su sistema operativo m\u00f3vil, el tipo de navegador de Internet m\u00f3vil que utiliza, identificadores \u00fanicos del dispositivo y otros datos de diagn\u00f3stico.<\/p>\n\n<p>Tambi\u00e9n Podemos recopilar informaci\u00f3n que Su navegador env\u00eda cada vez que Usted visita nuestro Servicio o cuando accede al Servicio mediante o a trav\u00e9s de un dispositivo m\u00f3vil.<\/p>\n\n<h4 class=\"wp-block-heading\"><strong><em><strong><em>Tecnolog\u00edas de Seguimiento y Cookies<\/em><\/strong><\/em><\/strong><strong><em><strong><em><\/em><\/strong><\/em><\/strong><\/h4>\n\n<p>Utilizamos Cookies y tecnolog\u00edas de seguimiento similares para rastrear la actividad en Nuestro Servicio y almacenar cierta informaci\u00f3n. Las tecnolog\u00edas de seguimiento utilizadas son balizas, etiquetas y scripts para recopilar y rastrear informaci\u00f3n, as\u00ed como para mejorar y analizar Nuestro Servicio. Las tecnolog\u00edas que utilizamos pueden incluir:  <\/p>\n\n<ul class=\"wp-block-list\">\n<li><strong>Cookies o Cookies del Navegador.<\/strong> Una cookie es un peque\u00f1o archivo que se coloca en Su Dispositivo. Usted puede configurar Su navegador para rechazar todas las Cookies o para indicar cu\u00e1ndo se est\u00e1 enviando una Cookie. Sin embargo, si Usted no acepta las Cookies, es posible que no pueda utilizar algunas partes de nuestro Servicio. A menos que haya configurado Su navegador para que rechace las Cookies, nuestro Servicio puede utilizar Cookies.   <\/li>\n\n\n\n<li><strong>Balizas web.<\/strong> Ciertas secciones de nuestro Servicio y nuestros correos electr\u00f3nicos pueden contener peque\u00f1os archivos electr\u00f3nicos conocidos como balizas web (tambi\u00e9n denominados clear gifs, etiquetas de p\u00edxel y gifs de un solo p\u00edxel) que permiten a la Compa\u00f1\u00eda, por ejemplo, contar a los usuarios que han visitado esas p\u00e1ginas o abierto un correo electr\u00f3nico y obtener otras estad\u00edsticas relacionadas con el sitio web (por ejemplo, registrar la popularidad de una determinada secci\u00f3n y verificar la integridad del sistema y del servidor).<\/li>\n<\/ul>\n\n<p>Las Cookies pueden ser \u201cPersistentes\u201d o \u201cde Sesi\u00f3n\u201d. Las Cookies Persistentes permanecen en Su computadora personal o dispositivo m\u00f3vil cuando Usted est\u00e1 fuera de l\u00ednea, mientras que las Cookies de Sesi\u00f3n se eliminan tan pronto como Usted cierra Su navegador web.  <\/p>\n\n<p>Utilizamos tanto Cookies de Sesi\u00f3n como Cookies Persistentes para los fines que se detallan a continuaci\u00f3n:<\/p>\n\n<p><strong>Cookies Necesarias \/ Esenciales<\/strong><\/p>\n\n<p>Tipo: Cookies de Sesi\u00f3n<\/p>\n\n<p>Administradas por: Nosotros<\/p>\n\n<p>Prop\u00f3sito: Estas Cookies son esenciales para brindarle los servicios disponibles a trav\u00e9s del Sitio Web y permitirle utilizar algunas de sus funciones. Ayudan a autenticar a los usuarios y a prevenir el uso fraudulento de cuentas de usuario. Sin estas Cookies, los servicios que Usted ha solicitado no pueden ser proporcionados, y Nosotros solo utilizamos estas Cookies para brindarle dichos servicios.  <\/p>\n\n<p><strong>Cookies de Pol\u00edtica \/ Aceptaci\u00f3n de Aviso de Cookies<\/strong><\/p>\n\n<p>Tipo: Cookies Persistentes<\/p>\n\n<p>Administradas por: Nosotros<\/p>\n\n<p>Prop\u00f3sito: Estas Cookies identifican si los usuarios han aceptado el uso de cookies en el Sitio Web.<\/p>\n\n<p><strong>Cookies de Funcionalidad<\/strong><\/p>\n\n<p>Tipo: Cookies Persistentes<\/p>\n\n<p>Administradas por: Nosotros<\/p>\n\n<p>Prop\u00f3sito: Estas Cookies nos permiten recordar las elecciones que Usted realiza cuando utiliza el Sitio Web, como recordar sus detalles de inicio de sesi\u00f3n o su preferencia de idioma. El prop\u00f3sito de estas Cookies es brindarle una experiencia m\u00e1s personalizada y evitar que tenga que volver a ingresar sus preferencias cada vez que utiliza el Sitio Web. <\/p>\n\n<p>Para obtener m\u00e1s informaci\u00f3n sobre las cookies que utilizamos y sus opciones con respecto a las cookies, por favor visite nuestra Pol\u00edtica de Cookies o la secci\u00f3n de Cookies de nuestra Pol\u00edtica de Privacidad.<\/p>\n\n<h3 class=\"wp-block-heading\"><strong>Uso de Sus Datos Personales<\/strong><strong><\/strong><\/h3>\n\n<p>La Compa\u00f1\u00eda puede utilizar los Datos Personales para los siguientes fines:<\/p>\n\n<p>Para proporcionar y mantener nuestro Servicio, incluido el monitoreo del uso de nuestro Servicio.<\/p>\n\n<p><strong>Para gestionar Su Cuenta: <\/strong>para gestionar Su registro como usuario del Servicio. Los Datos Personales que Usted proporciona pueden darle acceso a diferentes funcionalidades del Servicio que est\u00e1n disponibles para Usted como usuario registrado. <\/p>\n\n<p><strong>Para el cumplimiento de un contrato:<\/strong> el desarrollo, cumplimiento y ejecuci\u00f3n del contrato de compra de los productos, art\u00edculos o servicios que Usted ha adquirido o de cualquier otro contrato con Nosotros a trav\u00e9s del Servicio.<\/p>\n\n<p><strong>Para contactarlo: <\/strong>Para contactarlo por correo electr\u00f3nico, llamadas telef\u00f3nicas, SMS u otras formas equivalentes de comunicaci\u00f3n electr\u00f3nica, como las notificaciones push de una aplicaci\u00f3n m\u00f3vil sobre actualizaciones o comunicaciones informativas relacionadas con las funcionalidades, productos o servicios contratados, incluidas las actualizaciones de seguridad, cuando sea necesario o razonable para su implementaci\u00f3n.<\/p>\n\n<p><strong>Para proporcionarle noticias<\/strong>, ofertas especiales e informaci\u00f3n general sobre otros bienes, servicios y eventos que ofrecemos y que son similares a los que Usted ya ha adquirido o consultado, a menos que Usted haya optado por no recibir dicha informaci\u00f3n.<\/p>\n\n<p><strong>Para gestionar Sus solicitudes:<\/strong> Para atender y gestionar Sus solicitudes dirigidas a Nosotros.<\/p>\n\n<p><strong>Para transferencias comerciales: <\/strong>Podemos utilizar Su informaci\u00f3n para evaluar o llevar a cabo una fusi\u00f3n, desinversi\u00f3n, reestructuraci\u00f3n, reorganizaci\u00f3n, disoluci\u00f3n u otra venta o transferencia de algunos o todos Nuestros activos, ya sea como una empresa en funcionamiento o como parte de un proceso de quiebra, liquidaci\u00f3n o procedimiento similar, en el cual los Datos Personales que poseemos sobre los usuarios de nuestro Servicio formen parte de los activos transferidos.<\/p>\n\n<p><strong>Para otros fines: <\/strong>Podemos utilizar Su informaci\u00f3n para otros fines, como el an\u00e1lisis de datos, la identificaci\u00f3n de tendencias de uso, la determinaci\u00f3n de la efectividad de nuestras campa\u00f1as promocionales y la evaluaci\u00f3n y mejora de nuestro Servicio, productos, servicios, marketing y Su experiencia.<\/p>\n\n<p>Podemos compartir Su informaci\u00f3n personal en las siguientes situaciones:<\/p>\n\n<ul class=\"wp-block-list\">\n<li><strong>Con Proveedores de Servicios: <\/strong>Podemos compartir Su informaci\u00f3n personal con Proveedores de Servicios para monitorear y analizar el uso de nuestro Servicio, as\u00ed como para contactarlo.<\/li>\n\n\n\n<li><strong>Para transferencias comerciales:<\/strong> Podemos compartir o transferir Su informaci\u00f3n personal en relaci\u00f3n con, o durante las negociaciones de, cualquier fusi\u00f3n, venta de activos de la Compa\u00f1\u00eda, financiamiento o adquisici\u00f3n de todo o parte de Nuestro negocio por otra empresa.<\/li>\n\n\n\n<li><strong>Con Afiliados:<\/strong> Podemos compartir Su informaci\u00f3n con Nuestros afiliados, en cuyo caso requeriremos que dichos afiliados respeten esta Pol\u00edtica de Privacidad. Los afiliados incluyen Nuestra compa\u00f1\u00eda matriz y cualquier otra subsidiaria, socios de empresas conjuntas u otras compa\u00f1\u00edas que controlamos o que est\u00e1n bajo control com\u00fan con Nosotros. <\/li>\n\n\n\n<li><strong>Con socios comerciales: <\/strong>Podemos compartir Su informaci\u00f3n con Nuestros socios comerciales para ofrecerle ciertos productos, servicios o promociones.<\/li>\n\n\n\n<li><strong>Con otros usuarios: <\/strong>cuando Usted comparte informaci\u00f3n personal o interact\u00faa de otro modo en las \u00e1reas p\u00fablicas con otros usuarios, dicha informaci\u00f3n puede ser vista por todos los usuarios y puede ser distribuida p\u00fablicamente fuera de ellas.<\/li>\n\n\n\n<li><strong>Con Su consentimiento:<\/strong> Podemos divulgar Su informaci\u00f3n personal para cualquier otro prop\u00f3sito con Su consentimiento.<\/li>\n<\/ul>\n\n<h3 class=\"wp-block-heading\"><strong>Conservaci\u00f3n de Sus Datos Personales<\/strong><strong><\/strong><\/h3>\n\n<p>La Compa\u00f1\u00eda conservar\u00e1 Sus Datos Personales solo durante el tiempo que sea necesario para los fines establecidos en esta Pol\u00edtica de Privacidad. Conservaremos y utilizaremos Sus Datos Personales en la medida necesaria para cumplir con nuestras obligaciones legales (por ejemplo, si estamos obligados a conservar sus datos para cumplir con las leyes aplicables), resolver disputas y hacer cumplir nuestros acuerdos y pol\u00edticas legales. <\/p>\n\n<p>La Compa\u00f1\u00eda tambi\u00e9n conservar\u00e1 los Datos de Uso para fines de an\u00e1lisis interno. Los Datos de Uso generalmente se conservan por un per\u00edodo de tiempo m\u00e1s corto, excepto cuando estos datos se utilizan para fortalecer la seguridad o mejorar la funcionalidad de Nuestro Servicio, o cuando estamos legalmente obligados a conservar estos datos por per\u00edodos m\u00e1s prolongados. <\/p>\n\n<h3 class=\"wp-block-heading\"><strong>Transferencia de Sus Datos Personales<\/strong><strong><\/strong><\/h3>\n\n<p>Su informaci\u00f3n, incluidos los Datos Personales, se procesa en las oficinas operativas de la Compa\u00f1\u00eda y en cualquier otro lugar donde se encuentren las partes involucradas en el procesamiento. Esto significa que esta informaci\u00f3n puede ser transferida a \u2014 y mantenida en \u2014 computadoras ubicadas fuera de Su estado, provincia, pa\u00eds u otra jurisdicci\u00f3n gubernamental donde las leyes de protecci\u00f3n de datos puedan diferir de las de Su jurisdicci\u00f3n. <\/p>\n\n<p>Su consentimiento a esta Pol\u00edtica de Privacidad, seguido del env\u00edo de dicha informaci\u00f3n, representa Su acuerdo con dicha transferencia.<\/p>\n\n<p>La Compa\u00f1\u00eda tomar\u00e1 todas las medidas razonablemente necesarias para garantizar que Sus datos sean tratados de manera segura y de acuerdo con esta Pol\u00edtica de Privacidad, y no se realizar\u00e1 ninguna transferencia de Sus Datos Personales a una organizaci\u00f3n o a un pa\u00eds a menos que existan controles adecuados, incluida la seguridad de Sus datos y otra informaci\u00f3n personal.<\/p>\n\n<h3 class=\"wp-block-heading\"><strong>Eliminar Sus Datos Personales<\/strong><strong><\/strong><\/h3>\n\n<p>Usted tiene el derecho de eliminar o solicitar que lo asistamos en la eliminaci\u00f3n de los Datos Personales que hemos recopilado sobre Usted.<\/p>\n\n<p>Nuestro Servicio puede brindarle la capacidad de eliminar cierta informaci\u00f3n sobre Usted desde dentro del Servicio.<\/p>\n\n<p>Usted puede actualizar, modificar o eliminar Su informaci\u00f3n en cualquier momento iniciando sesi\u00f3n en Su Cuenta, si posee una, y visitando la secci\u00f3n de configuraci\u00f3n de la cuenta que le permite gestionar Su informaci\u00f3n personal. Tambi\u00e9n puede comunicarse con Nosotros para solicitar acceso, correcci\u00f3n o eliminaci\u00f3n de cualquier informaci\u00f3n personal que Usted nos haya proporcionado. <\/p>\n\n<p>Sin embargo, tenga en cuenta que Podemos necesitar conservar cierta informaci\u00f3n cuando tengamos una obligaci\u00f3n legal o una base leg\u00edtima para hacerlo.<\/p>\n\n<h3 class=\"wp-block-heading\"><strong>Divulgaci\u00f3n de Sus Datos Personales<\/strong><strong><\/strong><\/h3>\n\n<h4 class=\"wp-block-heading\"><strong><em><strong><em>Transacciones Comerciales<\/em><\/strong><\/em><\/strong><strong><em><strong><em><\/em><\/strong><\/em><\/strong><\/h4>\n\n<p>Si la Compa\u00f1\u00eda participa en una fusi\u00f3n, adquisici\u00f3n o venta de activos, Sus Datos Personales pueden ser transferidos. Le notificaremos antes de que Sus Datos Personales sean transferidos y queden sujetos a una Pol\u00edtica de Privacidad diferente. <\/p>\n\n<h4 class=\"wp-block-heading\"><strong><em><strong><em>Aplicaci\u00f3n de la ley<\/em><\/strong><\/em><\/strong><strong><em><strong><em><\/em><\/strong><\/em><\/strong><\/h4>\n\n<p>En determinadas circunstancias, la Compa\u00f1\u00eda puede estar obligada a divulgar Sus Datos Personales si as\u00ed lo exige la ley o en respuesta a solicitudes v\u00e1lidas de autoridades p\u00fablicas (por ejemplo, un tribunal o una agencia gubernamental).<\/p>\n\n<h4 class=\"wp-block-heading\"><strong><em><strong><em>Otros requisitos legales<\/em><\/strong><\/em><\/strong><strong><em><strong><em><\/em><\/strong><\/em><\/strong><\/h4>\n\n<p>La Compa\u00f1\u00eda puede divulgar Sus Datos Personales en la creencia de buena fe de que dicha acci\u00f3n es necesaria para:<\/p>\n\n<ul class=\"wp-block-list\">\n<li>Cumplir con una obligaci\u00f3n legal<\/li>\n\n\n\n<li>Proteger y defender los derechos o la propiedad de la Compa\u00f1\u00eda<\/li>\n\n\n\n<li>Prevenir o investigar posibles irregularidades en relaci\u00f3n con el Servicio<\/li>\n\n\n\n<li>Proteger la seguridad personal de los Usuarios del Servicio o del p\u00fablico<\/li>\n\n\n\n<li>Protegerse contra responsabilidad legal<\/li>\n<\/ul>\n\n<h3 class=\"wp-block-heading\"><strong>Seguridad de Sus Datos Personales<\/strong><strong><\/strong><\/h3>\n\n<p>La seguridad de Sus Datos Personales es importante para Nosotros, pero recuerde que ning\u00fan m\u00e9todo de transmisi\u00f3n a trav\u00e9s de Internet o m\u00e9todo de almacenamiento electr\u00f3nico es 100% seguro. Si bien nos esforzamos por utilizar medios comercialmente aceptables para proteger Sus Datos Personales, no podemos garantizar su seguridad absoluta. <\/p>\n\n<h2 class=\"wp-block-heading\"><strong>Privacidad de los Ni\u00f1os<\/strong><strong><\/strong><\/h2>\n\n<p>Nuestro Servicio no est\u00e1 dirigido a ninguna persona menor de 13 a\u00f1os. No recopilamos deliberadamente informaci\u00f3n de identificaci\u00f3n personal de ninguna persona menor de 13 a\u00f1os. Si Usted es padre o tutor y tiene conocimiento de que Su hijo nos ha proporcionado Datos Personales, por favor cont\u00e1ctenos. Si nos damos cuenta de que hemos recopilado Datos Personales de alguien menor de 13 a\u00f1os sin la verificaci\u00f3n del consentimiento parental, tomamos medidas para eliminar esa informaci\u00f3n de nuestros servidores.   <\/p>\n\n<p>Si necesitamos basarnos en el consentimiento como base legal para procesar Su informaci\u00f3n y Su pa\u00eds requiere el consentimiento de un padre, Podemos requerir el consentimiento de Su padre antes de recopilar y utilizar esa informaci\u00f3n.<\/p>\n\n<h2 class=\"wp-block-heading\"><strong>Enlaces a Otros Sitios Web<\/strong><strong><\/strong><\/h2>\n\n<p>Nuestro Servicio puede contener enlaces a otros sitios web que no son operados por Nosotros. Si hace clic en un enlace de terceros, ser\u00e1 dirigido al sitio de ese tercero. Le recomendamos encarecidamente revisar la Pol\u00edtica de Privacidad de cada sitio que visite.  <\/p>\n\n<p>No tenemos control ni asumimos responsabilidad por el contenido, las pol\u00edticas de privacidad o las pr\u00e1cticas de cualquier sitio o servicio de terceros.<\/p>\n\n<h2 class=\"wp-block-heading\"><strong>Cambios a esta Pol\u00edtica de Privacidad<\/strong><strong><\/strong><\/h2>\n\n<p>Podemos actualizar Nuestra Pol\u00edtica de Privacidad peri\u00f3dicamente. Le notificaremos cualquier cambio publicando la nueva Pol\u00edtica de Privacidad en esta p\u00e1gina. <\/p>\n\n<p>Le informaremos por correo electr\u00f3nico y\/o mediante un aviso destacado en Nuestro Servicio antes de que el cambio entre en vigor y actualizaremos la fecha de \u201c\u00daltima actualizaci\u00f3n\u201d en la parte superior de esta Pol\u00edtica de Privacidad.<\/p>\n\n<p>Se le recomienda revisar peri\u00f3dicamente esta Pol\u00edtica de Privacidad para comprobar si ha habido cambios. Los cambios a esta Pol\u00edtica de Privacidad entran en vigor cuando se publican en esta p\u00e1gina. <\/p>\n\n<h2 class=\"wp-block-heading\"><strong>Cont\u00e1ctenos<\/strong><strong><\/strong><\/h2>\n\n<p>Si tiene alguna pregunta sobre esta Pol\u00edtica de Privacidad, puede contactarnos:<\/p>\n\n<p>Por correo electr\u00f3nico: <a href=\"mailto:info@personal-greetings.com\">info@personal-greetings.com<\/a><\/p>\n\n<p>Visitando esta p\u00e1gina en nuestro sitio web: <a href=\"https:\/\/personal-greetings.com\/es\/\">https:\/\/personal-greetings.com\/<\/a><\/p>\n\n<p>Por n\u00famero de tel\u00e9fono: +357 99 260537<\/p>\n\n<p><\/p>\n","protected":false},"excerpt":{"rendered":"<p>Pol\u00edtica de Privacidad \u00daltima actualizaci\u00f3n: 20 de septiembre de 2024 Esta Pol\u00edtica de Privacidad describe nuestras pol\u00edticas y procedimientos sobre la recopilaci\u00f3n, el uso y la divulgaci\u00f3n de Su informaci\u00f3n cuando utiliza el Servicio, y le informa sobre Sus derechos de privacidad y c\u00f3mo la ley lo protege. Utilizamos Sus datos personales para proporcionar y [&hellip;]<\/p>\n","protected":false},"author":1,"featured_media":0,"parent":0,"menu_order":0,"comment_status":"closed","ping_status":"open","template":"","meta":{"footnotes":""},"class_list":["post-4859","page","type-page","status-publish","hentry"],"_links":{"self":[{"href":"https:\/\/personal-greetings.com\/es\/wp-json\/wp\/v2\/pages\/4859","targetHints":{"allow":["GET"]}}],"collection":[{"href":"https:\/\/personal-greetings.com\/es\/wp-json\/wp\/v2\/pages"}],"about":[{"href":"https:\/\/personal-greetings.com\/es\/wp-json\/wp\/v2\/types\/page"}],"author":[{"embeddable":true,"href":"https:\/\/personal-greetings.com\/es\/wp-json\/wp\/v2\/users\/1"}],"replies":[{"embeddable":true,"href":"https:\/\/personal-greetings.com\/es\/wp-json\/wp\/v2\/comments?post=4859"}],"version-history":[{"count":4,"href":"https:\/\/personal-greetings.com\/es\/wp-json\/wp\/v2\/pages\/4859\/revisions"}],"predecessor-version":[{"id":4873,"href":"https:\/\/personal-greetings.com\/es\/wp-json\/wp\/v2\/pages\/4859\/revisions\/4873"}],"wp:attachment":[{"href":"https:\/\/personal-greetings.com\/es\/wp-json\/wp\/v2\/media?parent=4859"}],"curies":[{"name":"wp","href":"https:\/\/api.w.org\/{rel}","templated":true}]}}