{"id":4848,"date":"2025-10-20T14:54:17","date_gmt":"2025-10-20T14:54:17","guid":{"rendered":"https:\/\/personal-greetings.com\/datenschutzerklaerung\/"},"modified":"2025-12-04T19:20:28","modified_gmt":"2025-12-04T19:20:28","slug":"datenschutzerklaerung","status":"publish","type":"page","link":"https:\/\/personal-greetings.com\/de\/datenschutzerklaerung\/","title":{"rendered":"Datenschutzerkl\u00e4rung"},"content":{"rendered":"\n<p><\/p>\n\n<p>Datenschutzerkl\u00e4rung<\/p>\n\n<p>Zuletzt aktualisiert: 20. September 2024<\/p>\n\n<p>Diese Datenschutzerkl\u00e4rung beschreibt unsere Richtlinien und Verfahren zur Erhebung, Nutzung und Offenlegung Ihrer Informationen, wenn Sie den Dienst nutzen, und informiert Sie \u00fcber Ihre Datenschutzrechte und dar\u00fcber, wie das Gesetz Sie sch\u00fctzt.<\/p>\n\n<p>Wir verwenden Ihre personenbezogenen Daten, um den Dienst bereitzustellen und zu verbessern. Durch die Nutzung des Dienstes stimmen Sie der Erhebung und Verwendung von Informationen gem\u00e4\u00df dieser Datenschutzerkl\u00e4rung zu.<br\/> <br\/> <br\/> <\/p>\n\n<h2 class=\"wp-block-heading\"><strong>Auslegung und Definitionen<\/strong><strong><\/strong><\/h2>\n\n<h3 class=\"wp-block-heading\"><strong>Auslegung<\/strong><strong><\/strong><\/h3>\n\n<p>W\u00f6rter, deren Anfangsbuchstabe gro\u00dfgeschrieben ist, haben die unter den folgenden Bedingungen festgelegten Bedeutungen. Die folgenden Definitionen haben dieselbe Bedeutung, unabh\u00e4ngig davon, ob sie im Singular oder im Plural erscheinen. <\/p>\n\n<h3 class=\"wp-block-heading\"><strong>Definitionen<\/strong><strong><\/strong><\/h3>\n\n<p>F\u00fcr die Zwecke dieser Datenschutzerkl\u00e4rung:<\/p>\n\n<p>Konto bezeichnet ein einzigartiges Konto, das f\u00fcr Sie erstellt wurde, um auf unseren Dienst oder Teile unseres Dienstes zuzugreifen.<\/p>\n\n<p><strong>Verbundenes <\/strong>Unternehmen bezeichnet eine Einheit, die eine Partei kontrolliert, von einer Partei kontrolliert wird oder unter gemeinsamer Kontrolle mit einer Partei steht, wobei \u201eKontrolle\u201c den Besitz von 50 % oder mehr der Anteile, Beteiligungen oder sonstigen stimmberechtigten Wertpapiere zur Wahl von Direktoren oder einer anderen leitenden Instanz bedeutet.<\/p>\n\n<p><strong>Unternehmen <\/strong>(in dieser Vereinbarung entweder als \u201edas Unternehmen\u201c, \u201ewir\u201c, \u201euns\u201c oder \u201eunser\u201c bezeichnet) bezieht sich auf Personal-Greetings.<\/p>\n\n<p><strong>Cookies<\/strong> sind kleine Dateien, die von einer Website auf Ihrem Computer, Mobilger\u00e4t oder einem anderen Ger\u00e4t gespeichert werden und unter anderem Details zu Ihrem Browserverlauf auf dieser Website enthalten.<\/p>\n\n<p><strong>Ger\u00e4t <\/strong>bezeichnet jedes Ger\u00e4t, das auf den Dienst zugreifen kann, wie etwa ein Computer, ein Mobiltelefon oder ein digitales Tablet.<\/p>\n\n<p><strong>Personenbezogene Daten <\/strong>sind alle Informationen, die sich auf eine identifizierte oder identifizierbare Person beziehen.<\/p>\n\n<p><strong>Dienst <\/strong>bezieht sich auf die Website.<\/p>\n\n<p><strong>Dienstleister <\/strong>bezeichnet jede nat\u00fcrliche oder juristische Person, die die Daten im Auftrag des Unternehmens verarbeitet. Er bezieht sich auf Drittunternehmen oder Einzelpersonen, die vom Unternehmen beauftragt wurden, den Dienst zu erleichtern, den Dienst im Auftrag des Unternehmens bereitzustellen, Dienstleistungen im Zusammenhang mit dem Dienst auszuf\u00fchren oder das Unternehmen bei der Analyse der Nutzung des Dienstes zu unterst\u00fctzen. <\/p>\n\n<p><strong>Nutzungsdaten <\/strong>beziehen sich auf Daten, die automatisch erfasst werden, entweder durch die Nutzung des Dienstes oder durch die Dienstinfrastruktur selbst (zum Beispiel die Dauer eines Seitenbesuchs).<\/p>\n\n<p><strong>Website <\/strong>bezieht sich auf Personal-Greetings, zug\u00e4nglich unter<a href=\"https:\/\/personal-greetings.com\/de\/\"> https:\/\/personal-greetings.com\/<\/a><\/p>\n\n<p><strong>Sie <\/strong>bezeichnet die Person, die auf den Dienst zugreift oder ihn nutzt, oder das Unternehmen bzw. die juristische Person, in deren Namen diese Person auf den Dienst zugreift oder ihn nutzt, je nach Anwendbarkeit.<\/p>\n\n<h2 class=\"wp-block-heading\"><strong>Erhebung und Nutzung Ihrer personenbezogenen Daten<\/strong><strong><\/strong><\/h2>\n\n<h3 class=\"wp-block-heading\"><strong>Arten der erhobenen Daten<\/strong><strong><\/strong><\/h3>\n\n<h4 class=\"wp-block-heading\"><strong><em><strong><em>Personenbezogene Daten<\/em><\/strong><\/em><\/strong><strong><em><strong><em><\/em><\/strong><\/em><\/strong><\/h4>\n\n<p>W\u00e4hrend der Nutzung unseres Dienstes k\u00f6nnen wir Sie bitten, uns bestimmte personenbezogene Informationen bereitzustellen, die zur Kontaktaufnahme mit Ihnen oder zu Ihrer Identifizierung verwendet werden k\u00f6nnen. Zu den personenbezogenen Informationen k\u00f6nnen unter anderem folgende geh\u00f6ren: <\/p>\n\n<p>E-Mail-Adresse<\/p>\n\n<p>Vorname und Nachname<\/p>\n\n<p>Telefonnummer<\/p>\n\n<p>Adresse, Bundesland, Provinz, Postleitzahl, Stadt<\/p>\n\n<p>Nutzungsdaten<\/p>\n\n<h4 class=\"wp-block-heading\"><strong><em><strong><em>Nutzungsdaten<\/em><\/strong><\/em><\/strong><strong><em><strong><em><\/em><\/strong><\/em><\/strong><\/h4>\n\n<p>Nutzungsdaten werden bei der Nutzung des Dienstes automatisch erfasst.<\/p>\n\n<p>Nutzungsdaten k\u00f6nnen Informationen wie die Internetprotokolladresse Ihres Ger\u00e4ts (z. B. IP-Adresse), den Browsertyp, die Browserversion, die von Ihnen besuchten Seiten unseres Dienstes, Zeitpunkt und Datum Ihres Besuchs, die auf diesen Seiten verbrachte Zeit, eindeutige Ger\u00e4tekennungen und andere Diagnosedaten umfassen.<\/p>\n\n<p>Wenn Sie auf den Dienst \u00fcber ein Mobilger\u00e4t zugreifen, k\u00f6nnen wir bestimmte Informationen automatisch erfassen, einschlie\u00dflich, aber nicht beschr\u00e4nkt auf den Typ des von Ihnen verwendeten Mobilger\u00e4ts, die eindeutige Ger\u00e4te-ID Ihres Mobilger\u00e4ts, die IP-Adresse Ihres Mobilger\u00e4ts, Ihr mobiles Betriebssystem, den von Ihnen verwendeten mobilen Internetbrowser, eindeutige Ger\u00e4tekennungen und andere Diagnosedaten.<\/p>\n\n<p>Wir k\u00f6nnen auch Informationen erfassen, die Ihr Browser sendet, wenn Sie unseren Dienst besuchen oder wenn Sie \u00fcber ein Mobilger\u00e4t auf den Dienst zugreifen.<\/p>\n\n<h4 class=\"wp-block-heading\"><strong><em><strong><em>Tracking-Technologien und Cookies<\/em><\/strong><\/em><\/strong><strong><em><strong><em><\/em><\/strong><\/em><\/strong><\/h4>\n\n<p>Wir verwenden Cookies und \u00e4hnliche Tracking-Technologien, um die Aktivit\u00e4ten auf unserem Dienst nachzuverfolgen und bestimmte Informationen zu speichern. Zu den verwendeten Tracking-Technologien geh\u00f6ren Beacons, Tags und Skripte, um Informationen zu sammeln und zu verfolgen sowie unseren Dienst zu verbessern und zu analysieren. Die von uns verwendeten Technologien k\u00f6nnen Folgendes umfassen:  <\/p>\n\n<ul class=\"wp-block-list\">\n<li><strong>Cookies oder Browser-Cookies.<\/strong> Ein Cookie ist eine kleine Datei, die auf Ihrem Ger\u00e4t gespeichert wird. Sie k\u00f6nnen Ihren Browser anweisen, alle Cookies abzulehnen oder anzuzeigen, wenn ein Cookie gesendet wird. Wenn Sie Cookies jedoch nicht akzeptieren, k\u00f6nnen Sie m\u00f6glicherweise einige Teile unseres Dienstes nicht nutzen. Sofern Sie Ihre Browsereinstellungen nicht so angepasst haben, dass Cookies abgelehnt werden, kann unser Dienst Cookies verwenden.   <\/li>\n\n\n\n<li><strong>Web-Beacons.<\/strong> Bestimmte Bereiche unseres Dienstes und unsere E-Mails k\u00f6nnen kleine elektronische Dateien enthalten, die als Web-Beacons (auch als Clear GIFs, Pixel-Tags und Single-Pixel-GIFs bezeichnet) bekannt sind. Diese erm\u00f6glichen es dem Unternehmen beispielsweise, die Anzahl der Nutzer zu z\u00e4hlen, die diese Seiten besucht oder eine E-Mail ge\u00f6ffnet haben, sowie andere damit zusammenh\u00e4ngende Website-Statistiken zu erfassen (zum Beispiel die Beliebtheit eines bestimmten Abschnitts zu messen oder die System- und Serverintegrit\u00e4t zu \u00fcberpr\u00fcfen).<\/li>\n<\/ul>\n\n<p>Cookies k\u00f6nnen &#8222;dauerhafte&#8220; oder &#8222;Sitzungs-Cookies&#8220; sein. Dauerhafte Cookies verbleiben auf Ihrem Computer oder Mobilger\u00e4t, wenn Sie offline gehen, w\u00e4hrend Sitzungscookies gel\u00f6scht werden, sobald Sie Ihren Webbrowser schlie\u00dfen.   <\/p>\n\n<p>Wir verwenden sowohl Sitzungs- als auch dauerhafte Cookies f\u00fcr die nachstehend aufgef\u00fchrten Zwecke:<\/p>\n\n<p><strong>Notwendige \/ Wesentliche Cookies<\/strong><\/p>\n\n<p>Typ: Sitzungs-Cookies<\/p>\n\n<p>Verwaltet von: Uns<\/p>\n\n<p>Zweck: Diese Cookies sind unerl\u00e4sslich, um Ihnen die \u00fcber die Website verf\u00fcgbaren Dienste bereitzustellen und Ihnen die Nutzung einiger ihrer Funktionen zu erm\u00f6glichen. Sie helfen dabei, Benutzer zu authentifizieren und einen betr\u00fcgerischen Gebrauch von Benutzerkonten zu verhindern. Ohne diese Cookies k\u00f6nnen die von Ihnen angeforderten Dienste nicht bereitgestellt werden, und wir verwenden diese Cookies ausschlie\u00dflich, um Ihnen diese Dienste bereitzustellen.  <\/p>\n\n<p><strong>Cookies-Richtlinie \/ Hinweis-Akzeptanz-Cookies<\/strong><\/p>\n\n<p>Typ: Dauerhafte Cookies<\/p>\n\n<p>Verwaltet von: Uns<\/p>\n\n<p>Zweck: Diese Cookies erkennen, ob Benutzer die Verwendung von Cookies auf der Website akzeptiert haben.<\/p>\n\n<p><strong>Funktions-Cookies<\/strong><\/p>\n\n<p>Typ: Dauerhafte Cookies<\/p>\n\n<p>Verwaltet von: Uns<\/p>\n\n<p>Zweck: Diese Cookies erm\u00f6glichen es uns, uns an die von Ihnen getroffenen Entscheidungen bei der Nutzung der Website zu erinnern, wie z. B. an Ihre Anmeldedaten oder Ihre Sprachpr\u00e4ferenz. Der Zweck dieser Cookies besteht darin, Ihnen ein pers\u00f6nlicheres Nutzungserlebnis zu bieten und zu vermeiden, dass Sie Ihre Einstellungen bei jedem Besuch der Website erneut eingeben m\u00fcssen. <\/p>\n\n<p>Weitere Informationen \u00fcber die von uns verwendeten Cookies und Ihre Wahlm\u00f6glichkeiten in Bezug auf Cookies finden Sie in unserer Cookies-Richtlinie oder im Abschnitt \u201eCookies\u201c unserer Datenschutzerkl\u00e4rung.<\/p>\n\n<h3 class=\"wp-block-heading\"><strong>Verwendung Ihrer personenbezogenen Daten<\/strong><strong><\/strong><\/h3>\n\n<p>Das Unternehmen kann personenbezogene Daten f\u00fcr die folgenden Zwecke verwenden:<\/p>\n\n<p><strong>Um unseren Dienst bereitzustellen und aufrechtzuerhalten<\/strong>, einschlie\u00dflich der \u00dcberwachung der Nutzung unseres Dienstes.<\/p>\n\n<p><strong>Um Ihr Konto zu verwalten<\/strong>: zur Verwaltung Ihrer Registrierung als Nutzer des Dienstes. Die von Ihnen bereitgestellten personenbezogenen Daten erm\u00f6glichen Ihnen den Zugriff auf verschiedene Funktionen des Dienstes, die Ihnen als registriertem Nutzer zur Verf\u00fcgung stehen. <\/p>\n\n<p><strong>Zur Erf\u00fcllung eines Vertrags<\/strong>: die Entwicklung, Einhaltung und Durchf\u00fchrung des Kaufvertrags \u00fcber die von Ihnen erworbenen Produkte, Artikel oder Dienstleistungen oder eines anderen Vertrags mit uns \u00fcber den Dienst.<\/p>\n\n<p><strong>Um Sie zu kontaktieren<\/strong>: Um Sie per E-Mail, Telefonanruf, SMS oder anderen gleichwertigen Formen der elektronischen Kommunikation zu kontaktieren, wie z. B. Push-Benachrichtigungen einer mobilen Anwendung \u00fcber Updates oder informative Mitteilungen zu Funktionen, Produkten oder vertraglich vereinbarten Dienstleistungen, einschlie\u00dflich Sicherheitsupdates, sofern dies f\u00fcr deren Umsetzung notwendig oder sinnvoll ist.<\/p>\n\n<p><strong>Um Ihnen<\/strong> Nachrichten, Sonderangebote und allgemeine Informationen \u00fcber andere Waren, Dienstleistungen und Veranstaltungen bereitzustellen, die wir anbieten und die denen \u00e4hnlich sind, die Sie bereits gekauft oder angefragt haben, sofern Sie den Erhalt solcher Informationen nicht abgelehnt haben.<\/p>\n\n<p><strong>Um Ihre Anfragen zu verwalten:<\/strong> Um Ihre Anfragen an uns zu bearbeiten und zu verwalten.<\/p>\n\n<p><strong>F\u00fcr Unternehmens\u00fcbertragungen: <\/strong>Wir k\u00f6nnen Ihre Informationen verwenden, um eine Fusion, Ver\u00e4u\u00dferung, Umstrukturierung, Reorganisation, Aufl\u00f6sung oder einen anderen Verkauf oder eine \u00dcbertragung einiger oder aller unserer Verm\u00f6genswerte zu bewerten oder durchzuf\u00fchren \u2013 sei es als laufendes Unternehmen oder im Rahmen eines Insolvenz-, Liquidations- oder \u00e4hnlichen Verfahrens \u2013, bei dem personenbezogene Daten, die wir \u00fcber die Nutzer unseres Dienstes speichern, zu den \u00fcbertragenen Verm\u00f6genswerten geh\u00f6ren.<\/p>\n\n<p><strong>F\u00fcr andere Zwecke:<\/strong> Wir k\u00f6nnen Ihre Informationen f\u00fcr andere Zwecke verwenden, wie z. B. Datenanalyse, Ermittlung von Nutzungstrends, Bestimmung der Wirksamkeit unserer Werbekampagnen sowie zur Bewertung und Verbesserung unseres Dienstes, unserer Produkte, Dienstleistungen, Marketingma\u00dfnahmen und Ihres Nutzererlebnisses.<\/p>\n\n<p>Wir k\u00f6nnen Ihre personenbezogenen Informationen in den folgenden Situationen weitergeben:<\/p>\n\n<ul class=\"wp-block-list\">\n<li><strong>Mit Dienstleistern: <\/strong>Wir k\u00f6nnen Ihre personenbezogenen Informationen mit Dienstleistern teilen, um die Nutzung unseres Dienstes zu \u00fcberwachen und zu analysieren sowie um Sie zu kontaktieren.<\/li>\n\n\n\n<li><strong>F\u00fcr Unternehmens\u00fcbertragungen:<\/strong> Wir k\u00f6nnen Ihre personenbezogenen Informationen im Zusammenhang mit oder w\u00e4hrend Verhandlungen \u00fcber eine Fusion, den Verkauf von Unternehmensverm\u00f6gen, eine Finanzierung oder die \u00dcbernahme unseres gesamten Unternehmens oder eines Teils davon an ein anderes Unternehmen weitergeben oder \u00fcbertragen.<\/li>\n\n\n\n<li><strong>Mit verbundenen Unternehmen<\/strong>: Wir k\u00f6nnen Ihre Informationen mit unseren verbundenen Unternehmen teilen. In diesem Fall verlangen wir von diesen Unternehmen, dass sie diese Datenschutzerkl\u00e4rung einhalten. Zu den verbundenen Unternehmen geh\u00f6ren unsere Muttergesellschaft sowie alle anderen Tochtergesellschaften, Joint-Venture-Partner oder sonstige Unternehmen, die wir kontrollieren oder die unter gemeinsamer Kontrolle mit uns stehen. <\/li>\n\n\n\n<li><strong>Mit Gesch\u00e4ftspartnern: <\/strong>Wir k\u00f6nnen Ihre Informationen mit unseren Gesch\u00e4ftspartnern teilen, um Ihnen bestimmte Produkte, Dienstleistungen oder Werbeaktionen anzubieten.<\/li>\n\n\n\n<li><strong>Mit anderen Nutzern:<\/strong> Wenn Sie personenbezogene Informationen weitergeben oder anderweitig in \u00f6ffentlichen Bereichen mit anderen Nutzern interagieren, k\u00f6nnen solche Informationen von allen Nutzern eingesehen und au\u00dferhalb \u00f6ffentlich verbreitet werden.<\/li>\n\n\n\n<li><strong>Mit Ihrer Zustimmung: <\/strong>Wir k\u00f6nnen Ihre personenbezogenen Informationen f\u00fcr jeden anderen Zweck offenlegen, sofern Sie Ihre Zustimmung dazu gegeben haben.<\/li>\n<\/ul>\n\n<h3 class=\"wp-block-heading\"><strong>Aufbewahrung Ihrer personenbezogenen Daten<\/strong><strong><\/strong><\/h3>\n\n<p>Das Unternehmen bewahrt Ihre personenbezogenen Daten nur so lange auf, wie es f\u00fcr die in dieser Datenschutzerkl\u00e4rung genannten Zwecke erforderlich ist. Wir werden Ihre personenbezogenen Daten in dem Ma\u00dfe aufbewahren und verwenden, wie es notwendig ist, um unseren gesetzlichen Verpflichtungen nachzukommen (z. B. wenn wir verpflichtet sind, Ihre Daten aufzubewahren, um geltende Gesetze einzuhalten), Streitigkeiten beizulegen und unsere rechtlichen Vereinbarungen und Richtlinien durchzusetzen. <\/p>\n\n<p>Das Unternehmen bewahrt Nutzungsdaten auch f\u00fcr interne Analysezwecke auf. Nutzungsdaten werden in der Regel f\u00fcr einen k\u00fcrzeren Zeitraum aufbewahrt, es sei denn, diese Daten werden zur St\u00e4rkung der Sicherheit oder zur Verbesserung der Funktionalit\u00e4t unseres Dienstes verwendet oder wir sind gesetzlich verpflichtet, diese Daten \u00fcber l\u00e4ngere Zeitr\u00e4ume hinweg aufzubewahren. <\/p>\n\n<h3 class=\"wp-block-heading\"><strong>\u00dcbermittlung Ihrer personenbezogenen Daten<\/strong><strong><\/strong><\/h3>\n\n<p>Ihre Informationen, einschlie\u00dflich personenbezogener Daten, werden in den Betriebsb\u00fcros des Unternehmens und an allen anderen Orten verarbeitet, an denen sich die an der Verarbeitung beteiligten Parteien befinden. Das bedeutet, dass diese Informationen auf Computer \u00fcbertragen und dort gespeichert werden k\u00f6nnen, die sich au\u00dferhalb Ihres Bundesstaates, Ihrer Provinz, Ihres Landes oder einer anderen staatlichen Gerichtsbarkeit befinden, in der die Datenschutzgesetze von denen Ihrer Gerichtsbarkeit abweichen k\u00f6nnen. <\/p>\n\n<p>Ihre Zustimmung zu dieser Datenschutzerkl\u00e4rung, gefolgt von der \u00dcbermittlung solcher Informationen, stellt Ihre Einwilligung zu dieser \u00dcbermittlung dar.<\/p>\n\n<p>Das Unternehmen wird alle angemessenen Schritte unternehmen, um sicherzustellen, dass Ihre Daten sicher und in \u00dcbereinstimmung mit dieser Datenschutzerkl\u00e4rung verarbeitet werden und dass keine \u00dcbermittlung Ihrer personenbezogenen Daten an eine Organisation oder ein Land erfolgt, sofern keine angemessenen Kontrollen vorhanden sind, einschlie\u00dflich der Sicherheit Ihrer Daten und anderer personenbezogener Informationen.<\/p>\n\n<h3 class=\"wp-block-heading\"><strong>L\u00f6schen Ihrer personenbezogenen Daten<\/strong><strong><\/strong><\/h3>\n\n<p>Sie haben das Recht, die personenbezogenen Daten, die wir \u00fcber Sie gesammelt haben, zu l\u00f6schen oder von uns Unterst\u00fctzung bei deren L\u00f6schung zu verlangen.<\/p>\n\n<p>Unser Dienst kann Ihnen die M\u00f6glichkeit geben, bestimmte Informationen \u00fcber Sie innerhalb des Dienstes zu l\u00f6schen.<\/p>\n\n<p>Sie k\u00f6nnen Ihre Informationen jederzeit aktualisieren, \u00e4ndern oder l\u00f6schen, indem Sie sich in Ihr Konto einloggen \u2013 sofern Sie eines haben \u2013 und den Kontoeinstellungsbereich besuchen, in dem Sie Ihre pers\u00f6nlichen Informationen verwalten k\u00f6nnen. Sie k\u00f6nnen uns auch kontaktieren, um Zugriff auf die von Ihnen bereitgestellten personenbezogenen Informationen zu erhalten, diese zu korrigieren oder zu l\u00f6schen. <\/p>\n\n<p>Bitte beachten Sie jedoch, dass wir bestimmte Informationen aufbewahren m\u00fcssen, wenn wir dazu eine gesetzliche Verpflichtung oder eine rechtm\u00e4\u00dfige Grundlage haben.<\/p>\n\n<h3 class=\"wp-block-heading\"><strong>Offenlegung Ihrer personenbezogenen Daten<\/strong><strong><\/strong><\/h3>\n\n<h4 class=\"wp-block-heading\"><strong><em><strong><em>Unternehmensgesch\u00e4fte<\/em><\/strong><\/em><\/strong><strong><em><strong><em><\/em><\/strong><\/em><\/strong><\/h4>\n\n<p>Wenn das Unternehmen an einer Fusion, \u00dcbernahme oder einem Verkauf von Verm\u00f6genswerten beteiligt ist, k\u00f6nnen Ihre personenbezogenen Daten \u00fcbertragen werden. Wir werden Sie benachrichtigen, bevor Ihre personenbezogenen Daten \u00fcbertragen werden und einer anderen Datenschutzerkl\u00e4rung unterliegen. <\/p>\n\n<h4 class=\"wp-block-heading\"><strong><em><strong><em>Strafverfolgung<\/em><\/strong><\/em><\/strong><strong><em><strong><em><\/em><\/strong><\/em><\/strong><\/h4>\n\n<p>Unter bestimmten Umst\u00e4nden kann das Unternehmen verpflichtet sein, Ihre personenbezogenen Daten offenzulegen, wenn dies gesetzlich vorgeschrieben ist oder auf g\u00fcltige Anfragen \u00f6ffentlicher Beh\u00f6rden (z. B. eines Gerichts oder einer Regierungsbeh\u00f6rde) hin erfolgt.<\/p>\n\n<h4 class=\"wp-block-heading\"><strong><em><strong><em>Andere gesetzliche Anforderungen<\/em><\/strong><\/em><\/strong><strong><em><strong><em><\/em><\/strong><\/em><\/strong><\/h4>\n\n<p>Das Unternehmen kann Ihre personenbezogenen Daten in dem guten Glauben offenlegen, dass eine solche Ma\u00dfnahme notwendig ist, um:<\/p>\n\n<ul class=\"wp-block-list\">\n<li>Einer gesetzlichen Verpflichtung nachzukommen<\/li>\n\n\n\n<li>Die Rechte oder das Eigentum des Unternehmens zu sch\u00fctzen und zu verteidigen<\/li>\n\n\n\n<li>M\u00f6gliches Fehlverhalten im Zusammenhang mit dem Dienst zu verhindern oder zu untersuchen<\/li>\n\n\n\n<li>Die pers\u00f6nliche Sicherheit der Nutzer des Dienstes oder der \u00d6ffentlichkeit zu sch\u00fctzen<\/li>\n\n\n\n<li>Sich vor rechtlicher Haftung zu sch\u00fctzen<\/li>\n<\/ul>\n\n<h3 class=\"wp-block-heading\"><strong>Sicherheit Ihrer personenbezogenen Daten<\/strong><strong><\/strong><\/h3>\n\n<p>Die Sicherheit Ihrer personenbezogenen Daten ist uns wichtig, aber bedenken Sie, dass keine Methode der \u00dcbertragung \u00fcber das Internet oder der elektronischen Speicherung zu 100 % sicher ist. Obwohl wir uns bem\u00fchen, kommerziell akzeptable Mittel zum Schutz Ihrer personenbezogenen Daten einzusetzen, k\u00f6nnen wir deren absolute Sicherheit nicht garantieren. <\/p>\n\n<h2 class=\"wp-block-heading\"><strong>Datenschutz von Kindern<\/strong><strong><\/strong><\/h2>\n\n<p>Unser Dienst richtet sich nicht an Personen unter 13 Jahren. Wir erfassen nicht wissentlich personenbezogene Informationen von Personen unter 13 Jahren. Wenn Sie ein Elternteil oder Erziehungsberechtigter sind und Ihnen bekannt wird, dass Ihr Kind uns personenbezogene Daten \u00fcbermittelt hat, kontaktieren Sie uns bitte. Wenn wir erfahren, dass wir personenbezogene Daten von Personen unter 13 Jahren ohne \u00dcberpr\u00fcfung der Zustimmung der Eltern erfasst haben, ergreifen wir Ma\u00dfnahmen, um diese Informationen von unseren Servern zu entfernen.   <\/p>\n\n<p>Wenn wir uns auf eine Einwilligung als rechtliche Grundlage f\u00fcr die Verarbeitung Ihrer Informationen st\u00fctzen m\u00fcssen und Ihr Land die Zustimmung eines Elternteils erfordert, k\u00f6nnen wir die Zustimmung Ihres Elternteils verlangen, bevor wir diese Informationen erfassen und verwenden.<\/p>\n\n<h2 class=\"wp-block-heading\"><strong>Links zu anderen Websites<\/strong><strong><\/strong><\/h2>\n\n<p>Unser Dienst kann Links zu anderen Websites enthalten, die nicht von uns betrieben werden. Wenn Sie auf einen Link eines Drittanbieters klicken, werden Sie zu dessen Website weitergeleitet. Wir empfehlen Ihnen nachdr\u00fccklich, die Datenschutzerkl\u00e4rung jeder Website, die Sie besuchen, zu \u00fcberpr\u00fcfen.  <\/p>\n\n<p>Wir haben keine Kontrolle \u00fcber die Inhalte, Datenschutzrichtlinien oder Praktiken von Websites oder Diensten Dritter und \u00fcbernehmen hierf\u00fcr keine Verantwortung.<\/p>\n\n<h2 class=\"wp-block-heading\"><strong>\u00c4nderungen an dieser Datenschutzerkl\u00e4rung<\/strong><strong><\/strong><\/h2>\n\n<p>Wir k\u00f6nnen unsere Datenschutzerkl\u00e4rung von Zeit zu Zeit aktualisieren. Wir werden Sie \u00fcber alle \u00c4nderungen informieren, indem wir die neue Datenschutzerkl\u00e4rung auf dieser Seite ver\u00f6ffentlichen. <\/p>\n\n<p>Wir werden Sie vor dem Inkrafttreten der \u00c4nderung per E-Mail und\/oder durch einen gut sichtbaren Hinweis auf unserem Dienst informieren und das Datum der \u201eZuletzt aktualisiert\u201c-Angabe oben in dieser Datenschutzerkl\u00e4rung entsprechend anpassen.<\/p>\n\n<p>Es wird empfohlen, diese Datenschutzerkl\u00e4rung regelm\u00e4\u00dfig auf \u00c4nderungen zu \u00fcberpr\u00fcfen. \u00c4nderungen an dieser Datenschutzerkl\u00e4rung treten in Kraft, sobald sie auf dieser Seite ver\u00f6ffentlicht werden. <\/p>\n\n<h2 class=\"wp-block-heading\"><strong>Kontaktieren Sie uns<\/strong><strong><\/strong><\/h2>\n\n<p>Wenn Sie Fragen zu dieser Datenschutzerkl\u00e4rung haben, k\u00f6nnen Sie uns wie folgt kontaktieren:<\/p>\n\n<p>Per E-Mail: <a href=\"mailto:info@personal-greetings.com\">info@personal-greetings.com<\/a><\/p>\n\n<p>Indem Sie diese Seite auf unserer Website besuchen: <a href=\"https:\/\/personal-greetings.com\/de\/\">https:\/\/personal-greetings.com\/<\/a><\/p>\n\n<p>Per Telefonnummer: +357 99 260537<\/p>\n\n<p><\/p>\n","protected":false},"excerpt":{"rendered":"<p>Datenschutzerkl\u00e4rung Zuletzt aktualisiert: 20. September 2024 Diese Datenschutzerkl\u00e4rung beschreibt unsere Richtlinien und Verfahren zur Erhebung, Nutzung und Offenlegung Ihrer Informationen, wenn Sie den Dienst nutzen, und informiert Sie \u00fcber Ihre Datenschutzrechte und dar\u00fcber, wie das Gesetz Sie sch\u00fctzt. Wir verwenden Ihre personenbezogenen Daten, um den Dienst bereitzustellen und zu verbessern. Durch die Nutzung des Dienstes [&hellip;]<\/p>\n","protected":false},"author":1,"featured_media":0,"parent":0,"menu_order":0,"comment_status":"closed","ping_status":"open","template":"","meta":{"footnotes":""},"class_list":["post-4848","page","type-page","status-publish","hentry"],"_links":{"self":[{"href":"https:\/\/personal-greetings.com\/de\/wp-json\/wp\/v2\/pages\/4848","targetHints":{"allow":["GET"]}}],"collection":[{"href":"https:\/\/personal-greetings.com\/de\/wp-json\/wp\/v2\/pages"}],"about":[{"href":"https:\/\/personal-greetings.com\/de\/wp-json\/wp\/v2\/types\/page"}],"author":[{"embeddable":true,"href":"https:\/\/personal-greetings.com\/de\/wp-json\/wp\/v2\/users\/1"}],"replies":[{"embeddable":true,"href":"https:\/\/personal-greetings.com\/de\/wp-json\/wp\/v2\/comments?post=4848"}],"version-history":[{"count":7,"href":"https:\/\/personal-greetings.com\/de\/wp-json\/wp\/v2\/pages\/4848\/revisions"}],"predecessor-version":[{"id":4882,"href":"https:\/\/personal-greetings.com\/de\/wp-json\/wp\/v2\/pages\/4848\/revisions\/4882"}],"wp:attachment":[{"href":"https:\/\/personal-greetings.com\/de\/wp-json\/wp\/v2\/media?parent=4848"}],"curies":[{"name":"wp","href":"https:\/\/api.w.org\/{rel}","templated":true}]}}